{"id":35,"date":"2024-02-14T01:23:29","date_gmt":"2024-02-14T01:23:29","guid":{"rendered":"https:\/\/mangitravel.com\/?page_id=35"},"modified":"2024-02-14T01:29:00","modified_gmt":"2024-02-14T01:29:00","slug":"inicio","status":"publish","type":"page","link":"https:\/\/mangitravel.com\/","title":{"rendered":"Inicio"},"content":{"rendered":"\n[et_pb_section fb_built=&#8221;1&#8243; theme_builder_area=&#8221;post_content&#8221; _builder_version=&#8221;4.14.7&#8243; _module_preset=&#8221;default&#8221; custom_padding=&#8221;18px|||||&#8221;][et_pb_row _builder_version=&#8221;4.14.7&#8243; _module_preset=&#8221;default&#8221; theme_builder_area=&#8221;post_content&#8221; column_structure=&#8221;1_2,1_2&#8243;][et_pb_column _builder_version=&#8221;4.14.7&#8243; _module_preset=&#8221;default&#8221; type=&#8221;1_2&#8243; theme_builder_area=&#8221;post_content&#8221;][et_pb_video src=&#8221;http:\/\/mangitravel.com\/wp-content\/uploads\/2024\/02\/Disneys-Magic-Kingdom-RIDES-and-ATTRACTIONS-2024-_-Walt-Disney-World.mp4&#8243; _builder_version=&#8221;4.14.7&#8243; _module_preset=&#8221;default&#8221; theme_builder_area=&#8221;post_content&#8221; title_text=&#8221;Disney\u2019s Magic Kingdom RIDES and ATTRACTIONS 2024 _ Walt Disney World&#8221; hover_enabled=&#8221;0&#8243; sticky_enabled=&#8221;0&#8243;][\/et_pb_video][\/et_pb_column][et_pb_column _builder_version=&#8221;4.14.7&#8243; _module_preset=&#8221;default&#8221; type=&#8221;1_2&#8243; theme_builder_area=&#8221;post_content&#8221;][et_pb_text _builder_version=&#8221;4.14.7&#8243; _module_preset=&#8221;default&#8221; theme_builder_area=&#8221;post_content&#8221; hover_enabled=&#8221;0&#8243; sticky_enabled=&#8221;0&#8243;]<p style=\"text-align: justify;\"><span style=\"color: #0d0d0d; font-family: S\u00f6hne, ui-sans-serif, system-ui, -apple-system, 'Segoe UI', Roboto, Ubuntu, Cantarell, 'Noto Sans', sans-serif, 'Helvetica Neue', Arial, 'Apple Color Emoji', 'Segoe UI Emoji', 'Segoe UI Symbol', 'Noto Color Emoji'; font-size: 16px; font-style: normal; font-variant-ligatures: normal; font-variant-caps: normal; font-weight: 400; letter-spacing: normal; orphans: 2; text-align: start; text-indent: 0px; text-transform: none; widows: 2; word-spacing: 0px; -webkit-text-stroke-width: 0px; white-space: pre-wrap; background-color: #ffffff; text-decoration-thickness: initial; text-decoration-style: initial; text-decoration-color: initial; display: inline !important; float: none;\">&#8220;\u00a1Emb\u00e1rcate en la aventura de tu vida con Mangitravel! Descubre el m\u00e1gico mundo de Disney World de la mano de expertos certificados en diversi\u00f3n. Desde el Castillo de Cenicienta hasta las monta\u00f1as rusas m\u00e1s emocionantes, te llevamos a explorar cada rinc\u00f3n de este lugar de ensue\u00f1o. Con Mangitravel, cada detalle est\u00e1 cuidado para que vivas momentos inolvidables con tus personajes favoritos. \u00a1No te pierdas esta oportunidad \u00fanica de convertirte en el protagonista de tu propia historia de Disney! \u00a1Reserva ahora con Mangitravel y haz tus sue\u00f1os realidad en Disney World!&#8221;<\/span><\/p>[\/et_pb_text][\/et_pb_column][\/et_pb_row][et_pb_row _builder_version=&#8221;4.14.7&#8243; _module_preset=&#8221;default&#8221; theme_builder_area=&#8221;post_content&#8221; column_structure=&#8221;1_2,1_2&#8243;][et_pb_column _builder_version=&#8221;4.14.7&#8243; _module_preset=&#8221;default&#8221; type=&#8221;1_2&#8243; theme_builder_area=&#8221;post_content&#8221;][et_pb_text _builder_version=&#8221;4.14.7&#8243; _module_preset=&#8221;default&#8221; theme_builder_area=&#8221;post_content&#8221; hover_enabled=&#8221;0&#8243; sticky_enabled=&#8221;0&#8243;]<p style=\"text-align: justify;\"><span style=\"color: #0d0d0d; font-family: S\u00f6hne, ui-sans-serif, system-ui, -apple-system, 'Segoe UI', Roboto, Ubuntu, Cantarell, 'Noto Sans', sans-serif, 'Helvetica Neue', Arial, 'Apple Color Emoji', 'Segoe UI Emoji', 'Segoe UI Symbol', 'Noto Color Emoji'; font-size: 16px; font-style: normal; font-variant-ligatures: normal; font-variant-caps: normal; font-weight: 400; letter-spacing: normal; orphans: 2; text-align: start; text-indent: 0px; text-transform: none; widows: 2; word-spacing: 0px; -webkit-text-stroke-width: 0px; white-space: pre-wrap; background-color: #ffffff; text-decoration-thickness: initial; text-decoration-style: initial; text-decoration-color: initial; display: inline !important; float: none;\">&#8220;\u00a1Zarpa hacia una experiencia inolvidable con Mangitravel! Descubre el mundo a bordo de nuestros cruceros, expertamente seleccionados y dise\u00f1ados para brindarte el m\u00e1ximo confort y aventura. Nuestra agencia certificada en cruceros te garantiza momentos inolvidables en alta mar, con destinos ex\u00f3ticos, entretenimiento de primer nivel y servicios de calidad superior. Desde el Caribe hasta el Mediterr\u00e1neo, te llevamos a explorar los rincones m\u00e1s fascinantes del planeta. \u00a1Conf\u00eda en Mangitravel para planificar tu pr\u00f3ximo viaje y navega hacia nuevos horizontes!&#8221;<\/span><\/p>[\/et_pb_text][\/et_pb_column][et_pb_column _builder_version=&#8221;4.14.7&#8243; _module_preset=&#8221;default&#8221; type=&#8221;1_2&#8243; theme_builder_area=&#8221;post_content&#8221;][et_pb_video src=&#8221;http:\/\/mangitravel.com\/wp-content\/uploads\/2024\/02\/cruceros-mangi-travel2.mp4&#8243; _builder_version=&#8221;4.14.7&#8243; _module_preset=&#8221;default&#8221; theme_builder_area=&#8221;post_content&#8221; title_text=&#8221;cruceros mangi travel2&#8243; hover_enabled=&#8221;0&#8243; sticky_enabled=&#8221;0&#8243;][\/et_pb_video][\/et_pb_column][\/et_pb_row][\/et_pb_section]\n","protected":false},"excerpt":{"rendered":"<p>&#8220;\u00a1Emb\u00e1rcate en la aventura de tu vida con Mangitravel! Descubre el m\u00e1gico mundo de Disney World de la mano de expertos certificados en diversi\u00f3n. Desde el Castillo de Cenicienta hasta las monta\u00f1as rusas m\u00e1s emocionantes, te llevamos a explorar cada rinc\u00f3n de este lugar de ensue\u00f1o. Con Mangitravel, cada detalle est\u00e1 cuidado para que vivas [&hellip;]<\/p>\n","protected":false},"author":1,"featured_media":42,"parent":0,"menu_order":0,"comment_status":"closed","ping_status":"closed","template":"","meta":{"_et_pb_use_builder":"on","_et_pb_old_content":"","_et_gb_content_width":"","footnotes":""},"aioseo_notices":[],"_links":{"self":[{"href":"https:\/\/mangitravel.com\/index.php\/wp-json\/wp\/v2\/pages\/35"}],"collection":[{"href":"https:\/\/mangitravel.com\/index.php\/wp-json\/wp\/v2\/pages"}],"about":[{"href":"https:\/\/mangitravel.com\/index.php\/wp-json\/wp\/v2\/types\/page"}],"author":[{"embeddable":true,"href":"https:\/\/mangitravel.com\/index.php\/wp-json\/wp\/v2\/users\/1"}],"replies":[{"embeddable":true,"href":"https:\/\/mangitravel.com\/index.php\/wp-json\/wp\/v2\/comments?post=35"}],"version-history":[{"count":3,"href":"https:\/\/mangitravel.com\/index.php\/wp-json\/wp\/v2\/pages\/35\/revisions"}],"predecessor-version":[{"id":43,"href":"https:\/\/mangitravel.com\/index.php\/wp-json\/wp\/v2\/pages\/35\/revisions\/43"}],"wp:featuredmedia":[{"embeddable":true,"href":"https:\/\/mangitravel.com\/index.php\/wp-json\/wp\/v2\/media\/42"}],"wp:attachment":[{"href":"https:\/\/mangitravel.com\/index.php\/wp-json\/wp\/v2\/media?parent=35"}],"curies":[{"name":"wp","href":"https:\/\/api.w.org\/{rel}","templated":true}]}}